{"id":2,"date":"2023-02-27T10:49:55","date_gmt":"2023-02-27T10:49:55","guid":{"rendered":"http:\/\/www.prochild.fi\/?page_id=2"},"modified":"2023-04-01T18:25:47","modified_gmt":"2023-04-01T18:25:47","slug":"sample-page","status":"publish","type":"page","link":"https:\/\/www.prochild.fi\/","title":{"rendered":"Vieraannuttaminen seis"},"content":{"rendered":"\n<p class=\"has-black-color has-text-color\">Vieraannuttaminen on lapseen kohdistuvaa henkist\u00e4 v\u00e4kivaltaa ja l\u00e4hisuhdev\u00e4kivaltaa<\/p>\n\n\n\n<blockquote class=\"wp-block-quote is-layout-flow wp-block-quote-is-layout-flow\">\n<p>Emme hyv\u00e4ksy lapseen kohdistuvaa fyysist\u00e4 v\u00e4kivaltaa, mutta henkiselle v\u00e4kivallalle olemme sokeita.<\/p>\n<\/blockquote>\n","protected":false},"excerpt":{"rendered":"<p>Vieraannuttaminen on lapseen kohdistuvaa henkist\u00e4 v\u00e4kivaltaa ja l\u00e4hisuhdev\u00e4kivaltaa Emme hyv\u00e4ksy lapseen kohdistuvaa fyysist\u00e4 v\u00e4kivaltaa, mutta henkiselle v\u00e4kivallalle olemme sokeita.<\/p>\n","protected":false},"author":1,"featured_media":0,"parent":0,"menu_order":0,"comment_status":"closed","ping_status":"open","template":"","meta":{"_eb_attr":"","footnotes":""},"class_list":["post-2","page","type-page","status-publish","hentry","grid-sizer"],"_links":{"self":[{"href":"https:\/\/www.prochild.fi\/index.php\/wp-json\/wp\/v2\/pages\/2","targetHints":{"allow":["GET"]}}],"collection":[{"href":"https:\/\/www.prochild.fi\/index.php\/wp-json\/wp\/v2\/pages"}],"about":[{"href":"https:\/\/www.prochild.fi\/index.php\/wp-json\/wp\/v2\/types\/page"}],"author":[{"embeddable":true,"href":"https:\/\/www.prochild.fi\/index.php\/wp-json\/wp\/v2\/users\/1"}],"replies":[{"embeddable":true,"href":"https:\/\/www.prochild.fi\/index.php\/wp-json\/wp\/v2\/comments?post=2"}],"version-history":[{"count":18,"href":"https:\/\/www.prochild.fi\/index.php\/wp-json\/wp\/v2\/pages\/2\/revisions"}],"predecessor-version":[{"id":224,"href":"https:\/\/www.prochild.fi\/index.php\/wp-json\/wp\/v2\/pages\/2\/revisions\/224"}],"wp:attachment":[{"href":"https:\/\/www.prochild.fi\/index.php\/wp-json\/wp\/v2\/media?parent=2"}],"curies":[{"name":"wp","href":"https:\/\/api.w.org\/{rel}","templated":true}]}}